{"id":8445,"date":"2022-05-10T18:32:26","date_gmt":"2022-05-10T18:32:26","guid":{"rendered":"https:\/\/cortex-dental.com\/inicio\/"},"modified":"2022-08-14T07:41:34","modified_gmt":"2022-08-14T07:41:34","slug":"inicio","status":"publish","type":"page","link":"https:\/\/cortex-dental.com\/es\/","title":{"rendered":"Inicio"},"content":{"rendered":"","protected":false},"excerpt":{"rendered":"","protected":false},"author":9,"featured_media":0,"parent":0,"menu_order":0,"comment_status":"closed","ping_status":"closed","template":"page-templates\/home.php","meta":{"_acf_changed":false,"footnotes":""},"class_list":["post-8445","page","type-page","status-publish","hentry"],"acf":[],"yoast_head":"<!-- This site is optimized with the Yoast SEO plugin v27.3 - https:\/\/yoast.com\/product\/yoast-seo-wordpress\/ -->\n<title>Dental implants | Surgical Kit | Digital workflow | Inicio - Cortex Dental<\/title>\n<meta name=\"description\" content=\"En todo lo que hacemos, usted es nuestro principal objetivo: expertos en odontolog\u00eda, tanto experimentados como reci\u00e9n graduados. Cortex implant | cortex Israel |cortex\" \/>\n<meta name=\"robots\" content=\"index, follow, max-snippet:-1, max-image-preview:large, max-video-preview:-1\" \/>\n<link rel=\"canonical\" href=\"https:\/\/cortex-dental.com\/es\/\" \/>\n<meta property=\"og:locale\" content=\"es_ES\" \/>\n<meta property=\"og:type\" content=\"article\" \/>\n<meta property=\"og:title\" content=\"Dental implants | Surgical Kit | Digital workflow | Inicio - Cortex Dental\" \/>\n<meta property=\"og:description\" content=\"En todo lo que hacemos, usted es nuestro principal objetivo: expertos en odontolog\u00eda, tanto experimentados como reci\u00e9n graduados, portadores de la antorcha de la pr\u00f3xima revoluci\u00f3n dental\" \/>\n<meta property=\"og:url\" content=\"https:\/\/cortex-dental.com\/es\/\" \/>\n<meta property=\"og:site_name\" content=\"Cortex Dental\" \/>\n<meta property=\"article:publisher\" content=\"https:\/\/www.facebook.com\/cortexdental.europe\" \/>\n<meta property=\"article:modified_time\" content=\"2022-08-14T07:41:34+00:00\" \/>\n<meta name=\"twitter:card\" content=\"summary_large_image\" \/>\n<meta name=\"twitter:title\" content=\"Cortex Dental\" \/>\n<meta name=\"twitter:description\" content=\"En todo lo que hacemos, usted es nuestro principal objetivo: expertos en odontolog\u00eda, tanto experimentados como reci\u00e9n graduados, portadores de la antorcha de la pr\u00f3xima revoluci\u00f3n dental\" \/>\n<script type=\"application\/ld+json\" class=\"yoast-schema-graph\">{\"@context\":\"https:\\\/\\\/schema.org\",\"@graph\":[{\"@type\":\"WebPage\",\"@id\":\"https:\\\/\\\/cortex-dental.com\\\/es\\\/\",\"url\":\"https:\\\/\\\/cortex-dental.com\\\/es\\\/\",\"name\":\"Dental implants | Surgical Kit | Digital workflow | Inicio - Cortex Dental\",\"isPartOf\":{\"@id\":\"https:\\\/\\\/cortex-dental.com\\\/#website\"},\"datePublished\":\"2022-05-10T18:32:26+00:00\",\"dateModified\":\"2022-08-14T07:41:34+00:00\",\"description\":\"En todo lo que hacemos, usted es nuestro principal objetivo: expertos en odontolog\u00eda, tanto experimentados como reci\u00e9n graduados. Cortex implant | cortex Israel |cortex\",\"breadcrumb\":{\"@id\":\"https:\\\/\\\/cortex-dental.com\\\/es\\\/#breadcrumb\"},\"inLanguage\":\"es\",\"potentialAction\":[{\"@type\":\"ReadAction\",\"target\":[\"https:\\\/\\\/cortex-dental.com\\\/es\\\/\"]}]},{\"@type\":\"BreadcrumbList\",\"@id\":\"https:\\\/\\\/cortex-dental.com\\\/es\\\/#breadcrumb\",\"itemListElement\":[{\"@type\":\"ListItem\",\"position\":1,\"name\":\"Home\",\"item\":\"https:\\\/\\\/cortex-dental.com\\\/es\\\/\"},{\"@type\":\"ListItem\",\"position\":2,\"name\":\"Inicio\"}]},{\"@type\":\"WebSite\",\"@id\":\"https:\\\/\\\/cortex-dental.com\\\/#website\",\"url\":\"https:\\\/\\\/cortex-dental.com\\\/\",\"name\":\"Cortex Dental\",\"description\":\"\",\"publisher\":{\"@id\":\"https:\\\/\\\/cortex-dental.com\\\/#organization\"},\"potentialAction\":[{\"@type\":\"SearchAction\",\"target\":{\"@type\":\"EntryPoint\",\"urlTemplate\":\"https:\\\/\\\/cortex-dental.com\\\/?s={search_term_string}\"},\"query-input\":{\"@type\":\"PropertyValueSpecification\",\"valueRequired\":true,\"valueName\":\"search_term_string\"}}],\"inLanguage\":\"es\"},{\"@type\":\"Organization\",\"@id\":\"https:\\\/\\\/cortex-dental.com\\\/#organization\",\"name\":\"Cortex Dental\",\"url\":\"https:\\\/\\\/cortex-dental.com\\\/\",\"logo\":{\"@type\":\"ImageObject\",\"inLanguage\":\"es\",\"@id\":\"https:\\\/\\\/cortex-dental.com\\\/#\\\/schema\\\/logo\\\/image\\\/\",\"url\":\"https:\\\/\\\/cortex-dental.com\\\/wp-content\\\/uploads\\\/2022\\\/12\\\/cropped-logo-r-site.png\",\"contentUrl\":\"https:\\\/\\\/cortex-dental.com\\\/wp-content\\\/uploads\\\/2022\\\/12\\\/cropped-logo-r-site.png\",\"width\":262,\"height\":51,\"caption\":\"Cortex Dental\"},\"image\":{\"@id\":\"https:\\\/\\\/cortex-dental.com\\\/#\\\/schema\\\/logo\\\/image\\\/\"},\"sameAs\":[\"https:\\\/\\\/www.facebook.com\\\/cortexdental.europe\",\"https:\\\/\\\/www.linkedin.com\\\/company\\\/cortex-dental-implants-industries-ltd-\\\/\"]}]}<\/script>\n<!-- \/ Yoast SEO plugin. -->","yoast_head_json":{"title":"Dental implants | Surgical Kit | Digital workflow | Inicio - Cortex Dental","description":"En todo lo que hacemos, usted es nuestro principal objetivo: expertos en odontolog\u00eda, tanto experimentados como reci\u00e9n graduados. Cortex implant | cortex Israel |cortex","robots":{"index":"index","follow":"follow","max-snippet":"max-snippet:-1","max-image-preview":"max-image-preview:large","max-video-preview":"max-video-preview:-1"},"canonical":"https:\/\/cortex-dental.com\/es\/","og_locale":"es_ES","og_type":"article","og_title":"Dental implants | Surgical Kit | Digital workflow | Inicio - Cortex Dental","og_description":"En todo lo que hacemos, usted es nuestro principal objetivo: expertos en odontolog\u00eda, tanto experimentados como reci\u00e9n graduados, portadores de la antorcha de la pr\u00f3xima revoluci\u00f3n dental","og_url":"https:\/\/cortex-dental.com\/es\/","og_site_name":"Cortex Dental","article_publisher":"https:\/\/www.facebook.com\/cortexdental.europe","article_modified_time":"2022-08-14T07:41:34+00:00","twitter_card":"summary_large_image","twitter_title":"Cortex Dental","twitter_description":"En todo lo que hacemos, usted es nuestro principal objetivo: expertos en odontolog\u00eda, tanto experimentados como reci\u00e9n graduados, portadores de la antorcha de la pr\u00f3xima revoluci\u00f3n dental","schema":{"@context":"https:\/\/schema.org","@graph":[{"@type":"WebPage","@id":"https:\/\/cortex-dental.com\/es\/","url":"https:\/\/cortex-dental.com\/es\/","name":"Dental implants | Surgical Kit | Digital workflow | Inicio - Cortex Dental","isPartOf":{"@id":"https:\/\/cortex-dental.com\/#website"},"datePublished":"2022-05-10T18:32:26+00:00","dateModified":"2022-08-14T07:41:34+00:00","description":"En todo lo que hacemos, usted es nuestro principal objetivo: expertos en odontolog\u00eda, tanto experimentados como reci\u00e9n graduados. Cortex implant | cortex Israel |cortex","breadcrumb":{"@id":"https:\/\/cortex-dental.com\/es\/#breadcrumb"},"inLanguage":"es","potentialAction":[{"@type":"ReadAction","target":["https:\/\/cortex-dental.com\/es\/"]}]},{"@type":"BreadcrumbList","@id":"https:\/\/cortex-dental.com\/es\/#breadcrumb","itemListElement":[{"@type":"ListItem","position":1,"name":"Home","item":"https:\/\/cortex-dental.com\/es\/"},{"@type":"ListItem","position":2,"name":"Inicio"}]},{"@type":"WebSite","@id":"https:\/\/cortex-dental.com\/#website","url":"https:\/\/cortex-dental.com\/","name":"Cortex Dental","description":"","publisher":{"@id":"https:\/\/cortex-dental.com\/#organization"},"potentialAction":[{"@type":"SearchAction","target":{"@type":"EntryPoint","urlTemplate":"https:\/\/cortex-dental.com\/?s={search_term_string}"},"query-input":{"@type":"PropertyValueSpecification","valueRequired":true,"valueName":"search_term_string"}}],"inLanguage":"es"},{"@type":"Organization","@id":"https:\/\/cortex-dental.com\/#organization","name":"Cortex Dental","url":"https:\/\/cortex-dental.com\/","logo":{"@type":"ImageObject","inLanguage":"es","@id":"https:\/\/cortex-dental.com\/#\/schema\/logo\/image\/","url":"https:\/\/cortex-dental.com\/wp-content\/uploads\/2022\/12\/cropped-logo-r-site.png","contentUrl":"https:\/\/cortex-dental.com\/wp-content\/uploads\/2022\/12\/cropped-logo-r-site.png","width":262,"height":51,"caption":"Cortex Dental"},"image":{"@id":"https:\/\/cortex-dental.com\/#\/schema\/logo\/image\/"},"sameAs":["https:\/\/www.facebook.com\/cortexdental.europe","https:\/\/www.linkedin.com\/company\/cortex-dental-implants-industries-ltd-\/"]}]}},"_links":{"self":[{"href":"https:\/\/cortex-dental.com\/es\/wp-json\/wp\/v2\/pages\/8445","targetHints":{"allow":["GET"]}}],"collection":[{"href":"https:\/\/cortex-dental.com\/es\/wp-json\/wp\/v2\/pages"}],"about":[{"href":"https:\/\/cortex-dental.com\/es\/wp-json\/wp\/v2\/types\/page"}],"author":[{"embeddable":true,"href":"https:\/\/cortex-dental.com\/es\/wp-json\/wp\/v2\/users\/9"}],"replies":[{"embeddable":true,"href":"https:\/\/cortex-dental.com\/es\/wp-json\/wp\/v2\/comments?post=8445"}],"version-history":[{"count":0,"href":"https:\/\/cortex-dental.com\/es\/wp-json\/wp\/v2\/pages\/8445\/revisions"}],"wp:attachment":[{"href":"https:\/\/cortex-dental.com\/es\/wp-json\/wp\/v2\/media?parent=8445"}],"curies":[{"name":"wp","href":"https:\/\/api.w.org\/{rel}","templated":true}]}}