{"id":8312,"date":"2022-05-10T18:31:42","date_gmt":"2022-05-10T18:31:42","guid":{"rendered":"https:\/\/cortex-dental.com\/nuestros-productos\/"},"modified":"2022-05-10T18:31:42","modified_gmt":"2022-05-10T18:31:42","slug":"nuestros-productos","status":"publish","type":"page","link":"https:\/\/cortex-dental.com\/es\/nuestros-productos\/","title":{"rendered":"Nuestros productos"},"content":{"rendered":"","protected":false},"excerpt":{"rendered":"","protected":false},"author":9,"featured_media":0,"parent":0,"menu_order":0,"comment_status":"closed","ping_status":"closed","template":"page-templates\/our-products.php","meta":{"_acf_changed":false,"footnotes":""},"class_list":["post-8312","page","type-page","status-publish","hentry"],"acf":[],"yoast_head":"<!-- This site is optimized with the Yoast SEO plugin v27.3 - https:\/\/yoast.com\/product\/yoast-seo-wordpress\/ -->\n<title>Dental implants | Prosthetics | Surgical Kit | Corescanner | Nuestros productos | Cortex<\/title>\n<meta name=\"description\" content=\"Cortex Dental se dedica a proporcionar soluciones implantol\u00f3gicas que revolucionar\u00e1n la experiencia del paciente | Implantes dentales | Pr\u00f3tesis | Kit quir\u00fargico | Corescanner\" \/>\n<meta name=\"robots\" content=\"index, follow, max-snippet:-1, max-image-preview:large, max-video-preview:-1\" \/>\n<link rel=\"canonical\" href=\"https:\/\/cortex-dental.com\/es\/nuestros-productos\/\" \/>\n<meta property=\"og:locale\" content=\"es_ES\" \/>\n<meta property=\"og:type\" content=\"article\" \/>\n<meta property=\"og:title\" content=\"Dental implants | Prosthetics | Surgical Kit | Corescanner | Nuestros productos | Cortex\" \/>\n<meta property=\"og:description\" content=\"Cortex Dental se dedica a proporcionar soluciones implantol\u00f3gicas que revolucionar\u00e1n la experiencia del paciente | Implantes dentales | Pr\u00f3tesis | Kit quir\u00fargico | Corescanner\" \/>\n<meta property=\"og:url\" content=\"https:\/\/cortex-dental.com\/es\/nuestros-productos\/\" \/>\n<meta property=\"og:site_name\" content=\"Cortex Dental\" \/>\n<meta property=\"article:publisher\" content=\"https:\/\/www.facebook.com\/cortexdental.europe\" \/>\n<meta name=\"twitter:card\" content=\"summary_large_image\" \/>\n<script type=\"application\/ld+json\" class=\"yoast-schema-graph\">{\"@context\":\"https:\\\/\\\/schema.org\",\"@graph\":[{\"@type\":\"WebPage\",\"@id\":\"https:\\\/\\\/cortex-dental.com\\\/es\\\/nuestros-productos\\\/\",\"url\":\"https:\\\/\\\/cortex-dental.com\\\/es\\\/nuestros-productos\\\/\",\"name\":\"Dental implants | Prosthetics | Surgical Kit | Corescanner | Nuestros productos | Cortex\",\"isPartOf\":{\"@id\":\"https:\\\/\\\/cortex-dental.com\\\/#website\"},\"datePublished\":\"2022-05-10T18:31:42+00:00\",\"description\":\"Cortex Dental se dedica a proporcionar soluciones implantol\u00f3gicas que revolucionar\u00e1n la experiencia del paciente | Implantes dentales | Pr\u00f3tesis | Kit quir\u00fargico | Corescanner\",\"breadcrumb\":{\"@id\":\"https:\\\/\\\/cortex-dental.com\\\/es\\\/nuestros-productos\\\/#breadcrumb\"},\"inLanguage\":\"es\",\"potentialAction\":[{\"@type\":\"ReadAction\",\"target\":[\"https:\\\/\\\/cortex-dental.com\\\/es\\\/nuestros-productos\\\/\"]}]},{\"@type\":\"BreadcrumbList\",\"@id\":\"https:\\\/\\\/cortex-dental.com\\\/es\\\/nuestros-productos\\\/#breadcrumb\",\"itemListElement\":[{\"@type\":\"ListItem\",\"position\":1,\"name\":\"Home\",\"item\":\"https:\\\/\\\/cortex-dental.com\\\/es\\\/\"},{\"@type\":\"ListItem\",\"position\":2,\"name\":\"Nuestros productos\"}]},{\"@type\":\"WebSite\",\"@id\":\"https:\\\/\\\/cortex-dental.com\\\/#website\",\"url\":\"https:\\\/\\\/cortex-dental.com\\\/\",\"name\":\"Cortex Dental\",\"description\":\"\",\"publisher\":{\"@id\":\"https:\\\/\\\/cortex-dental.com\\\/#organization\"},\"potentialAction\":[{\"@type\":\"SearchAction\",\"target\":{\"@type\":\"EntryPoint\",\"urlTemplate\":\"https:\\\/\\\/cortex-dental.com\\\/?s={search_term_string}\"},\"query-input\":{\"@type\":\"PropertyValueSpecification\",\"valueRequired\":true,\"valueName\":\"search_term_string\"}}],\"inLanguage\":\"es\"},{\"@type\":\"Organization\",\"@id\":\"https:\\\/\\\/cortex-dental.com\\\/#organization\",\"name\":\"Cortex Dental\",\"url\":\"https:\\\/\\\/cortex-dental.com\\\/\",\"logo\":{\"@type\":\"ImageObject\",\"inLanguage\":\"es\",\"@id\":\"https:\\\/\\\/cortex-dental.com\\\/#\\\/schema\\\/logo\\\/image\\\/\",\"url\":\"https:\\\/\\\/cortex-dental.com\\\/wp-content\\\/uploads\\\/2022\\\/12\\\/cropped-logo-r-site.png\",\"contentUrl\":\"https:\\\/\\\/cortex-dental.com\\\/wp-content\\\/uploads\\\/2022\\\/12\\\/cropped-logo-r-site.png\",\"width\":262,\"height\":51,\"caption\":\"Cortex Dental\"},\"image\":{\"@id\":\"https:\\\/\\\/cortex-dental.com\\\/#\\\/schema\\\/logo\\\/image\\\/\"},\"sameAs\":[\"https:\\\/\\\/www.facebook.com\\\/cortexdental.europe\",\"https:\\\/\\\/www.linkedin.com\\\/company\\\/cortex-dental-implants-industries-ltd-\\\/\"]}]}<\/script>\n<!-- \/ Yoast SEO plugin. -->","yoast_head_json":{"title":"Dental implants | Prosthetics | Surgical Kit | Corescanner | Nuestros productos | Cortex","description":"Cortex Dental se dedica a proporcionar soluciones implantol\u00f3gicas que revolucionar\u00e1n la experiencia del paciente | Implantes dentales | Pr\u00f3tesis | Kit quir\u00fargico | Corescanner","robots":{"index":"index","follow":"follow","max-snippet":"max-snippet:-1","max-image-preview":"max-image-preview:large","max-video-preview":"max-video-preview:-1"},"canonical":"https:\/\/cortex-dental.com\/es\/nuestros-productos\/","og_locale":"es_ES","og_type":"article","og_title":"Dental implants | Prosthetics | Surgical Kit | Corescanner | Nuestros productos | Cortex","og_description":"Cortex Dental se dedica a proporcionar soluciones implantol\u00f3gicas que revolucionar\u00e1n la experiencia del paciente | Implantes dentales | Pr\u00f3tesis | Kit quir\u00fargico | Corescanner","og_url":"https:\/\/cortex-dental.com\/es\/nuestros-productos\/","og_site_name":"Cortex Dental","article_publisher":"https:\/\/www.facebook.com\/cortexdental.europe","twitter_card":"summary_large_image","schema":{"@context":"https:\/\/schema.org","@graph":[{"@type":"WebPage","@id":"https:\/\/cortex-dental.com\/es\/nuestros-productos\/","url":"https:\/\/cortex-dental.com\/es\/nuestros-productos\/","name":"Dental implants | Prosthetics | Surgical Kit | Corescanner | Nuestros productos | Cortex","isPartOf":{"@id":"https:\/\/cortex-dental.com\/#website"},"datePublished":"2022-05-10T18:31:42+00:00","description":"Cortex Dental se dedica a proporcionar soluciones implantol\u00f3gicas que revolucionar\u00e1n la experiencia del paciente | Implantes dentales | Pr\u00f3tesis | Kit quir\u00fargico | Corescanner","breadcrumb":{"@id":"https:\/\/cortex-dental.com\/es\/nuestros-productos\/#breadcrumb"},"inLanguage":"es","potentialAction":[{"@type":"ReadAction","target":["https:\/\/cortex-dental.com\/es\/nuestros-productos\/"]}]},{"@type":"BreadcrumbList","@id":"https:\/\/cortex-dental.com\/es\/nuestros-productos\/#breadcrumb","itemListElement":[{"@type":"ListItem","position":1,"name":"Home","item":"https:\/\/cortex-dental.com\/es\/"},{"@type":"ListItem","position":2,"name":"Nuestros productos"}]},{"@type":"WebSite","@id":"https:\/\/cortex-dental.com\/#website","url":"https:\/\/cortex-dental.com\/","name":"Cortex Dental","description":"","publisher":{"@id":"https:\/\/cortex-dental.com\/#organization"},"potentialAction":[{"@type":"SearchAction","target":{"@type":"EntryPoint","urlTemplate":"https:\/\/cortex-dental.com\/?s={search_term_string}"},"query-input":{"@type":"PropertyValueSpecification","valueRequired":true,"valueName":"search_term_string"}}],"inLanguage":"es"},{"@type":"Organization","@id":"https:\/\/cortex-dental.com\/#organization","name":"Cortex Dental","url":"https:\/\/cortex-dental.com\/","logo":{"@type":"ImageObject","inLanguage":"es","@id":"https:\/\/cortex-dental.com\/#\/schema\/logo\/image\/","url":"https:\/\/cortex-dental.com\/wp-content\/uploads\/2022\/12\/cropped-logo-r-site.png","contentUrl":"https:\/\/cortex-dental.com\/wp-content\/uploads\/2022\/12\/cropped-logo-r-site.png","width":262,"height":51,"caption":"Cortex Dental"},"image":{"@id":"https:\/\/cortex-dental.com\/#\/schema\/logo\/image\/"},"sameAs":["https:\/\/www.facebook.com\/cortexdental.europe","https:\/\/www.linkedin.com\/company\/cortex-dental-implants-industries-ltd-\/"]}]}},"_links":{"self":[{"href":"https:\/\/cortex-dental.com\/es\/wp-json\/wp\/v2\/pages\/8312","targetHints":{"allow":["GET"]}}],"collection":[{"href":"https:\/\/cortex-dental.com\/es\/wp-json\/wp\/v2\/pages"}],"about":[{"href":"https:\/\/cortex-dental.com\/es\/wp-json\/wp\/v2\/types\/page"}],"author":[{"embeddable":true,"href":"https:\/\/cortex-dental.com\/es\/wp-json\/wp\/v2\/users\/9"}],"replies":[{"embeddable":true,"href":"https:\/\/cortex-dental.com\/es\/wp-json\/wp\/v2\/comments?post=8312"}],"version-history":[{"count":0,"href":"https:\/\/cortex-dental.com\/es\/wp-json\/wp\/v2\/pages\/8312\/revisions"}],"wp:attachment":[{"href":"https:\/\/cortex-dental.com\/es\/wp-json\/wp\/v2\/media?parent=8312"}],"curies":[{"name":"wp","href":"https:\/\/api.w.org\/{rel}","templated":true}]}}