{"id":8250,"date":"2022-05-10T18:31:23","date_gmt":"2022-05-10T18:31:23","guid":{"rendered":"https:\/\/cortex-dental.com\/cookies-y-seguimiento-en-linea\/"},"modified":"2022-05-10T18:32:39","modified_gmt":"2022-05-10T18:32:39","slug":"cookies-y-seguimiento-en-linea","status":"publish","type":"page","link":"https:\/\/cortex-dental.com\/es\/cookies-y-seguimiento-en-linea\/","title":{"rendered":"Cookies y seguimiento en l\u00ednea"},"content":{"rendered":"\n<p><strong>a. Cookies<\/strong><\/p>\n\n<p>Las \u00abcookies\u00bb se utilizan en ciertas \u00e1reas para que nuestro sitio web sea f\u00e1cil de usar y para adaptarlo a sus necesidades de manera \u00f3ptima. Las \u00abcookies\u00bb son peque\u00f1os archivos de texto que se almacenan localmente en el disco duro del ordenador. Su finalidad es mantener la informaci\u00f3n disponible para poder recuperar m\u00e1s tarde con el fin de facilitar el uso de nuestros servicios en l\u00ednea. Al terminar su visita y cerrar el navegador que estaba utilizando, las cookies se eliminan autom\u00e1ticamente.<\/p>\n\n<p><strong>b. Seguimiento en l\u00ednea<\/strong><\/p>\n\n<p>Cuando utiliza nuestro sitio web, tambi\u00e9n utilizamos cookies para poder analizar su uso del sitio web (seguimiento en l\u00ednea). La informaci\u00f3n generada por las cookies sobre su uso de nuestro sitio web \u2014motores de b\u00fasqueda utilizados, t\u00e9rminos de b\u00fasqueda utilizados, idiomas utilizados, origen de los visitantes por pa\u00eds, navegador y plugins utilizados, referencia, duraci\u00f3n de la estancia, p\u00e1ginas de entrada y salida, tasas de cancelaci\u00f3n y la direcci\u00f3n IP\u2014 es an\u00f3nima y se utiliza \u00fanicamente con fines estad\u00edsticos. Esta informaci\u00f3n se utiliza por separado de los datos personales. Los dos conjuntos de datos no est\u00e1n fusionados; por lo tanto, no indican datos personales y no se puede sacar conclusi\u00f3n alguna a partir de ellos.<\/p>\n\n<p><strong>c. Google Analytics<\/strong><\/p>\n\n<p>Este sitio web utiliza Google Analytics, un servicio de an\u00e1lisis web que presta Google Inc. (\u00abGoogle\u00bb). Google Analytics utiliza \u00abcookies\u00bb, que son peque\u00f1os archivos de texto que se almacenan en su disco duro, con los que se puede analizar su uso del sitio web. La informaci\u00f3n generada por las cookies sobre su uso del sitio web se transmite a uno de los servidores de Google en los Estados Unidos y se almacena en \u00e9l.<\/p>\n\n<p>Sin embargo, al activar la anonimizaci\u00f3n de la IP en este sitio web, su direcci\u00f3n IP ser\u00e1 abreviada de antemano por Google en los Estados miembros de la Uni\u00f3n Europea u otras partes del Acuerdo sobre el Espacio Econ\u00f3mico Europeo. Solo en casos excepcionales se transmite la direcci\u00f3n IP completa a un servidor de Google en Estados Unidos y se abrevia all\u00ed.<\/p>\n\n<p>En nombre del operador de este sitio web, Google usar\u00e1 esta informaci\u00f3n para evaluar su uso del sitio web recopilando informes de la actividad del sitio web y proporcionando a su operador servicios relacionados con el sitio web y con Internet. La direcci\u00f3n IP abreviada que su navegador transmite en el marco de Google Analytics no est\u00e1 vinculada con ning\u00fan otro dato de Google.<\/p>\n\n<p>Si desea evitar el almacenamiento de cookies, puede hacerlo ajustando la configuraci\u00f3n del software de su navegador; no obstante, en este caso debemos se\u00f1alar que quiz\u00e1 no pueda acceder a la totalidad de las caracter\u00edsticas del sitio web.<\/p>\n\n<p>Adem\u00e1s<strong>\u00a0<\/strong>puede evitar que datos generados por cookies vinculados con su uso del sitio web \u2014incluida su direcci\u00f3n IP abreviada\u2014 sean transferidos y procesados por Google descargando e instalando el complemento del navegador disponible en el siguiente enlace: [http:\/\/tools.google.com].<\/p>\n\n<p><strong>d. Aprobaci\u00f3n o rechazo de cookies<\/strong><\/p>\n\n<p>Puede aprobar o rechazar el uso de cookies \u2014tambi\u00e9n para el seguimiento web\u2014 configurando su navegador web seg\u00fan sea necesario. Puede configurar su navegador para que le notifique la habilitar cookies o para que las rechace por completo. No obstante, si rechaza las cookies no podr\u00e1 utilizar todas las caracter\u00edsticas de nuestro sitio web. Mediante los siguientes enlaces puede informarse sobre esta posibilidad para los navegadores de mayor aceptaci\u00f3n:<\/p>\n\n<ul class=\"wp-block-list\"><li>Internet Explorer:\u00a0<a href=\"http:\/\/support.microsoft.com\/gp\/cookies\/en\" target=\"_blank\" rel=\"noreferrer noopener\">http:\/\/support.microsoft.com\/gp\/cookies\/en<\/a><\/li><li>Firefox:<a href=\"https:\/\/support.mozilla.org\/en-US\/kb\/cookies-information-websites-store-on-your-computer\">https:\/\/support.mozilla.org\/en-US\/kb\/cookies-information-websites-store-on-your-computer<\/a>\u00a0\u00a0<\/li><li>Google Chrome: \u00a0<a href=\"http:\/\/www.google.com\/support\/chrome\/bin\/answer.py?hl=en&amp;answer=95647\" target=\"_blank\" rel=\"noreferrer noopener\">http:\/\/www.google.com\/support\/chrome\/bin\/answer.py?hl=en&amp;answer=95647<\/a><\/li><li>Safari:\u00a0<a href=\"http:\/\/docs.info.apple.com\/article.html?path=Safari\/3.0\/en\/9277.html\" target=\"_blank\" rel=\"noreferrer noopener\">http:\/\/docs.info.apple.com\/article.html?path=Safari\/3.0\/en\/9277.html<\/a><\/li><li>Opera:\u00a0<a href=\"https:\/\/www.opera.com\/he\/help\">https:\/\/www.opera.com\/he\/help<\/a>\u00a0<a href=\"http:\/\/www.opera.com\/browser\/tutorials\/security\/privacy\/\" target=\"_blank\" rel=\"noreferrer noopener\">\/<\/a><\/li><\/ul>\n","protected":false},"excerpt":{"rendered":"<p>a. Cookies Las \u00abcookies\u00bb se utilizan en ciertas \u00e1reas para que nuestro sitio web sea f\u00e1cil de usar y para adaptarlo a sus necesidades de manera \u00f3ptima. Las \u00abcookies\u00bb son<\/p>\n","protected":false},"author":9,"featured_media":0,"parent":0,"menu_order":0,"comment_status":"closed","ping_status":"closed","template":"page-templates\/terms-and-conditions.php","meta":{"_acf_changed":false,"footnotes":""},"class_list":["post-8250","page","type-page","status-publish","hentry"],"acf":[],"yoast_head":"<!-- This site is optimized with the Yoast SEO plugin v27.4 - https:\/\/yoast.com\/product\/yoast-seo-wordpress\/ -->\n<title>Tecnolog\u00eda de implantes dentales - Cortex Dental<\/title>\n<meta name=\"description\" content=\"Implantes dentales | tecnolog\u00eda dental | empresas dentales | tecnolog\u00eda dental mundial | dentistas | Israel | M\u00e9xico\" \/>\n<meta name=\"robots\" content=\"index, follow, max-snippet:-1, max-image-preview:large, max-video-preview:-1\" \/>\n<link rel=\"canonical\" href=\"https:\/\/cortex-dental.com\/es\/cookies-y-seguimiento-en-linea\/\" \/>\n<meta property=\"og:locale\" content=\"es_ES\" \/>\n<meta property=\"og:type\" content=\"article\" \/>\n<meta property=\"og:title\" content=\"Tecnolog\u00eda de implantes dentales - Cortex Dental\" \/>\n<meta property=\"og:description\" content=\"Implantes dentales | tecnolog\u00eda dental | empresas dentales | tecnolog\u00eda dental mundial | dentistas | Israel | M\u00e9xico\" \/>\n<meta property=\"og:url\" content=\"https:\/\/cortex-dental.com\/es\/cookies-y-seguimiento-en-linea\/\" \/>\n<meta property=\"og:site_name\" content=\"Cortex Dental\" \/>\n<meta property=\"article:publisher\" content=\"https:\/\/www.facebook.com\/cortexdental.europe\" \/>\n<meta property=\"article:modified_time\" content=\"2022-05-10T18:32:39+00:00\" \/>\n<meta name=\"twitter:card\" content=\"summary_large_image\" \/>\n<meta name=\"twitter:label1\" content=\"Tiempo de lectura\" \/>\n\t<meta name=\"twitter:data1\" content=\"3 minutos\" \/>\n<script type=\"application\/ld+json\" class=\"yoast-schema-graph\">{\"@context\":\"https:\\\/\\\/schema.org\",\"@graph\":[{\"@type\":\"WebPage\",\"@id\":\"https:\\\/\\\/cortex-dental.com\\\/es\\\/cookies-y-seguimiento-en-linea\\\/\",\"url\":\"https:\\\/\\\/cortex-dental.com\\\/es\\\/cookies-y-seguimiento-en-linea\\\/\",\"name\":\"Tecnolog\u00eda de implantes dentales - Cortex Dental\",\"isPartOf\":{\"@id\":\"https:\\\/\\\/cortex-dental.com\\\/#website\"},\"datePublished\":\"2022-05-10T18:31:23+00:00\",\"dateModified\":\"2022-05-10T18:32:39+00:00\",\"description\":\"Implantes dentales | tecnolog\u00eda dental | empresas dentales | tecnolog\u00eda dental mundial | dentistas | Israel | M\u00e9xico\",\"breadcrumb\":{\"@id\":\"https:\\\/\\\/cortex-dental.com\\\/es\\\/cookies-y-seguimiento-en-linea\\\/#breadcrumb\"},\"inLanguage\":\"es\",\"potentialAction\":[{\"@type\":\"ReadAction\",\"target\":[\"https:\\\/\\\/cortex-dental.com\\\/es\\\/cookies-y-seguimiento-en-linea\\\/\"]}]},{\"@type\":\"BreadcrumbList\",\"@id\":\"https:\\\/\\\/cortex-dental.com\\\/es\\\/cookies-y-seguimiento-en-linea\\\/#breadcrumb\",\"itemListElement\":[{\"@type\":\"ListItem\",\"position\":1,\"name\":\"Home\",\"item\":\"https:\\\/\\\/cortex-dental.com\\\/es\\\/\"},{\"@type\":\"ListItem\",\"position\":2,\"name\":\"Cookies y seguimiento en l\u00ednea\"}]},{\"@type\":\"WebSite\",\"@id\":\"https:\\\/\\\/cortex-dental.com\\\/#website\",\"url\":\"https:\\\/\\\/cortex-dental.com\\\/\",\"name\":\"Cortex Dental\",\"description\":\"\",\"publisher\":{\"@id\":\"https:\\\/\\\/cortex-dental.com\\\/#organization\"},\"potentialAction\":[{\"@type\":\"SearchAction\",\"target\":{\"@type\":\"EntryPoint\",\"urlTemplate\":\"https:\\\/\\\/cortex-dental.com\\\/?s={search_term_string}\"},\"query-input\":{\"@type\":\"PropertyValueSpecification\",\"valueRequired\":true,\"valueName\":\"search_term_string\"}}],\"inLanguage\":\"es\"},{\"@type\":\"Organization\",\"@id\":\"https:\\\/\\\/cortex-dental.com\\\/#organization\",\"name\":\"Cortex Dental\",\"url\":\"https:\\\/\\\/cortex-dental.com\\\/\",\"logo\":{\"@type\":\"ImageObject\",\"inLanguage\":\"es\",\"@id\":\"https:\\\/\\\/cortex-dental.com\\\/#\\\/schema\\\/logo\\\/image\\\/\",\"url\":\"https:\\\/\\\/cortex-dental.com\\\/wp-content\\\/uploads\\\/2022\\\/12\\\/cropped-logo-r-site.png\",\"contentUrl\":\"https:\\\/\\\/cortex-dental.com\\\/wp-content\\\/uploads\\\/2022\\\/12\\\/cropped-logo-r-site.png\",\"width\":262,\"height\":51,\"caption\":\"Cortex Dental\"},\"image\":{\"@id\":\"https:\\\/\\\/cortex-dental.com\\\/#\\\/schema\\\/logo\\\/image\\\/\"},\"sameAs\":[\"https:\\\/\\\/www.facebook.com\\\/cortexdental.europe\",\"https:\\\/\\\/www.linkedin.com\\\/company\\\/cortex-dental-implants-industries-ltd-\\\/\"]}]}<\/script>\n<!-- \/ Yoast SEO plugin. -->","yoast_head_json":{"title":"Tecnolog\u00eda de implantes dentales - Cortex Dental","description":"Implantes dentales | tecnolog\u00eda dental | empresas dentales | tecnolog\u00eda dental mundial | dentistas | Israel | M\u00e9xico","robots":{"index":"index","follow":"follow","max-snippet":"max-snippet:-1","max-image-preview":"max-image-preview:large","max-video-preview":"max-video-preview:-1"},"canonical":"https:\/\/cortex-dental.com\/es\/cookies-y-seguimiento-en-linea\/","og_locale":"es_ES","og_type":"article","og_title":"Tecnolog\u00eda de implantes dentales - Cortex Dental","og_description":"Implantes dentales | tecnolog\u00eda dental | empresas dentales | tecnolog\u00eda dental mundial | dentistas | Israel | M\u00e9xico","og_url":"https:\/\/cortex-dental.com\/es\/cookies-y-seguimiento-en-linea\/","og_site_name":"Cortex Dental","article_publisher":"https:\/\/www.facebook.com\/cortexdental.europe","article_modified_time":"2022-05-10T18:32:39+00:00","twitter_card":"summary_large_image","twitter_misc":{"Tiempo de lectura":"3 minutos"},"schema":{"@context":"https:\/\/schema.org","@graph":[{"@type":"WebPage","@id":"https:\/\/cortex-dental.com\/es\/cookies-y-seguimiento-en-linea\/","url":"https:\/\/cortex-dental.com\/es\/cookies-y-seguimiento-en-linea\/","name":"Tecnolog\u00eda de implantes dentales - Cortex Dental","isPartOf":{"@id":"https:\/\/cortex-dental.com\/#website"},"datePublished":"2022-05-10T18:31:23+00:00","dateModified":"2022-05-10T18:32:39+00:00","description":"Implantes dentales | tecnolog\u00eda dental | empresas dentales | tecnolog\u00eda dental mundial | dentistas | Israel | M\u00e9xico","breadcrumb":{"@id":"https:\/\/cortex-dental.com\/es\/cookies-y-seguimiento-en-linea\/#breadcrumb"},"inLanguage":"es","potentialAction":[{"@type":"ReadAction","target":["https:\/\/cortex-dental.com\/es\/cookies-y-seguimiento-en-linea\/"]}]},{"@type":"BreadcrumbList","@id":"https:\/\/cortex-dental.com\/es\/cookies-y-seguimiento-en-linea\/#breadcrumb","itemListElement":[{"@type":"ListItem","position":1,"name":"Home","item":"https:\/\/cortex-dental.com\/es\/"},{"@type":"ListItem","position":2,"name":"Cookies y seguimiento en l\u00ednea"}]},{"@type":"WebSite","@id":"https:\/\/cortex-dental.com\/#website","url":"https:\/\/cortex-dental.com\/","name":"Cortex Dental","description":"","publisher":{"@id":"https:\/\/cortex-dental.com\/#organization"},"potentialAction":[{"@type":"SearchAction","target":{"@type":"EntryPoint","urlTemplate":"https:\/\/cortex-dental.com\/?s={search_term_string}"},"query-input":{"@type":"PropertyValueSpecification","valueRequired":true,"valueName":"search_term_string"}}],"inLanguage":"es"},{"@type":"Organization","@id":"https:\/\/cortex-dental.com\/#organization","name":"Cortex Dental","url":"https:\/\/cortex-dental.com\/","logo":{"@type":"ImageObject","inLanguage":"es","@id":"https:\/\/cortex-dental.com\/#\/schema\/logo\/image\/","url":"https:\/\/cortex-dental.com\/wp-content\/uploads\/2022\/12\/cropped-logo-r-site.png","contentUrl":"https:\/\/cortex-dental.com\/wp-content\/uploads\/2022\/12\/cropped-logo-r-site.png","width":262,"height":51,"caption":"Cortex Dental"},"image":{"@id":"https:\/\/cortex-dental.com\/#\/schema\/logo\/image\/"},"sameAs":["https:\/\/www.facebook.com\/cortexdental.europe","https:\/\/www.linkedin.com\/company\/cortex-dental-implants-industries-ltd-\/"]}]}},"_links":{"self":[{"href":"https:\/\/cortex-dental.com\/es\/wp-json\/wp\/v2\/pages\/8250","targetHints":{"allow":["GET"]}}],"collection":[{"href":"https:\/\/cortex-dental.com\/es\/wp-json\/wp\/v2\/pages"}],"about":[{"href":"https:\/\/cortex-dental.com\/es\/wp-json\/wp\/v2\/types\/page"}],"author":[{"embeddable":true,"href":"https:\/\/cortex-dental.com\/es\/wp-json\/wp\/v2\/users\/9"}],"replies":[{"embeddable":true,"href":"https:\/\/cortex-dental.com\/es\/wp-json\/wp\/v2\/comments?post=8250"}],"version-history":[{"count":0,"href":"https:\/\/cortex-dental.com\/es\/wp-json\/wp\/v2\/pages\/8250\/revisions"}],"wp:attachment":[{"href":"https:\/\/cortex-dental.com\/es\/wp-json\/wp\/v2\/media?parent=8250"}],"curies":[{"name":"wp","href":"https:\/\/api.w.org\/{rel}","templated":true}]}}