{"id":11032,"date":"2022-05-31T08:26:52","date_gmt":"2022-05-31T08:26:52","guid":{"rendered":"https:\/\/cortex-dental.com\/politica-de-privacidad\/"},"modified":"2022-06-01T12:23:24","modified_gmt":"2022-06-01T12:23:24","slug":"politica-de-privacidad","status":"publish","type":"page","link":"https:\/\/cortex-dental.com\/es\/politica-de-privacidad\/","title":{"rendered":"Pol\u00edtica de Privacidad"},"content":{"rendered":"\n<p><strong>1. Nuestros principios de protecci\u00f3n de datos<\/strong><\/p>\n\n<p>Para Cortex Dental Implants Industries Ltd. y sus proveedores de servicios, la protecci\u00f3n y seguridad de sus datos personales es de primordial importancia. El uso de sus datos personales en Cortex Dental Implants cumple estrictamente con la normativa de protecci\u00f3n de datos para que usted se sienta confidente con nosotros en materia de protecci\u00f3n de datos.<\/p>\n\n<p>Para nosotros es importante que usted sepa en todo momento qu\u00e9 datos personales se recogen durante su visita a nuestro sitio web y durante el uso de nuestros servicios y ofertas, as\u00ed como el uso que hacemos de dichos datos posteriormente. Los siguientes avisos tienen por objeto proporcionarle informaci\u00f3n al respecto, y tambi\u00e9n informarle de c\u00f3mo protegemos sus datos personales contra la manipulaci\u00f3n, p\u00e9rdida, destrucci\u00f3n o uso indebido.<\/p>\n\n<p><strong>2. Recogida y uso de datos personales<\/strong><\/p>\n\n<p>Por datos personales se entiende cualquier dato que permita su identificaci\u00f3n personal, es decir, su nombre, direcci\u00f3n, n\u00famero de tel\u00e9fono o direcci\u00f3n de correo electr\u00f3nico (\u00abdatos personales\u00bb). Solo recogemos, procesamos o utilizamos los datos personales si lo permite la ley o si usted ha dado su consentimiento previo.<\/p>\n\n<p>La recogida, el tratamiento o el uso de sus datos personales se llevan a cabo, en particular, para los siguientes fines:<\/p>\n\n<p><strong>a. Solicitud de contacto<\/strong><\/p>\n\n<p>Utilizamos sus datos personales exclusivamente para procesar su solicitud de contacto.<\/p>\n\n<p><strong>b.\u00a0Registro en nuestro sitio web y pedidos en l\u00ednea<\/strong><\/p>\n\n<p>Sin su consentimiento expl\u00edcito, solo utilizamos sus datos personales para llevar a cabo el registro.<\/p>\n\n<p><strong>c. Publicidad online y offline<\/strong><\/p>\n\n<p>Only with your express consent, will we send you client satisfaction surveys, information about Cortex <\/p>\n\n<p>Only with your express consent will we send you client satisfaction surveys, information about Cortex Dental Implants Industries Ltd. products and events, and the Cortex Dental Implants Industries Ltd. newsletter per email.<\/p>\n\n<p>If through your online registration, you provide us with additional consent we will also use your online information for customer analysis, contests, and written mail advertising. Information that we have collected outside of the Internet will be used for the purposes of processing your orders and requests, for customer analysis, contests, and written mail advertising without any additional consent from you. Your details may be submitted to Cortex and its affiliated companies or service providers for these purposes. Our customers will also be informed about our products, and services and customer satisfaction surveys and events by phone.<\/p>\n\n<p><strong>d. Derecho de oposici\u00f3n a la publicidad<\/strong><\/p>\n\n<p>Usted puede oponerse en cualquier momento al uso de sus datos personales con fines publicitarios o de investigaci\u00f3n de mercado. Tambi\u00e9n puede retirar su consentimiento en cualquier momento. Para ello, basta con enviar un breve mensaje por correo a\u00a0<a href=\"mailto:support@cortex-dental.com\">support@cortex-dental.com<\/a>.<\/p>\n\n<p><strong>e. Aplicaciones en l\u00ednea<\/strong><\/p>\n\n<p>Cuando usted presenta una solicitud en l\u00ednea para una oferta de trabajo, oportunidad de formaci\u00f3n o pr\u00e1cticas con nosotros, su informaci\u00f3n se utiliza con el \u00fanico fin de procesar su solicitud. En cuanto sus datos dejen de ser necesarios, se eliminar\u00e1n o destruir\u00e1n, seg\u00fan el caso.<\/p>\n\n<p><strong>3. Seguridad de los datos<\/strong><\/p>\n\n<p>Tanto nosotros como nuestros proveedores de servicio tomamos medidas de seguridad t\u00e9cnicas y organizativas para proteger los datos personales almacenados contra la manipulaci\u00f3n, p\u00e9rdida o destrucci\u00f3n accidentales o intencionadas, y contra el acceso de personas no autorizadas. Nuestras medidas de tratamiento de datos y de seguridad son continuamente mejoradas para alinearlas a los avances tecnol\u00f3gicos. Si alguien obtuviese esos datos de manera ilegal, sin que precaucionas razonables como las tomadas por nosotros pudieran evitarlo, no seremos responsables de ning\u00fan da\u00f1o ni costes infligidos a usted por dicho uso.\u00a0<\/p>\n\n<p><strong>4. Informaci\u00f3n<\/strong><\/p>\n\n<p>Si tiene alguna pregunta acerca de la recogida y el uso de sus datos personales por parte de Cortex Dental Implants Industries Ltd., estaremos encantados de proporcionarle informaci\u00f3n sobre los datos almacenados sobre usted de forma inmediata, en cualquier momento y sin coste alguno. S\u00edrvase enviar su mensaje por correo electr\u00f3nico a\u00a0<a href=\"mailto:support@cortex-dental.com\">support@cortex-dental.com<\/a>.<\/p>\n\n<p><strong>5. Enmiendas<\/strong><\/p>\n\n<p>De vez en cuando, es necesario adaptar el contenido del presente aviso de privacidad. Por lo tanto, nos reservamos el derecho a enmendarlo en cualquier momento. La versi\u00f3n enmendada del aviso de privacidad se publicar\u00e1 tambi\u00e9n aqu\u00ed. Por lo tanto, cuando nos visite nuevamente, convendr\u00eda que vuelva a leer a fondo el aviso de privacidad.<\/p>\n","protected":false},"excerpt":{"rendered":"<p>1. Nuestros principios de protecci\u00f3n de datos Para Cortex Dental Implants Industries Ltd. y sus proveedores de servicios, la protecci\u00f3n y seguridad de sus datos personales es de primordial importancia.<\/p>\n","protected":false},"author":9,"featured_media":0,"parent":0,"menu_order":0,"comment_status":"closed","ping_status":"open","template":"page-templates\/simple-content.php","meta":{"_acf_changed":false,"footnotes":""},"class_list":["post-11032","page","type-page","status-publish","hentry"],"acf":[],"yoast_head":"<!-- This site is optimized with the Yoast SEO plugin v27.4 - https:\/\/yoast.com\/product\/yoast-seo-wordpress\/ -->\n<title>Pol\u00edtica de Privacidad - Cortex Dental<\/title>\n<meta name=\"robots\" content=\"index, follow, max-snippet:-1, max-image-preview:large, max-video-preview:-1\" \/>\n<link rel=\"canonical\" href=\"https:\/\/cortex-dental.com\/es\/politica-de-privacidad\/\" \/>\n<meta property=\"og:locale\" content=\"es_ES\" \/>\n<meta property=\"og:type\" content=\"article\" \/>\n<meta property=\"og:title\" content=\"Pol\u00edtica de Privacidad - Cortex Dental\" \/>\n<meta property=\"og:description\" content=\"1. Nuestros principios de protecci\u00f3n de datos Para Cortex Dental Implants Industries Ltd. y sus proveedores de servicios, la protecci\u00f3n y seguridad de sus datos personales es de primordial importancia.\" \/>\n<meta property=\"og:url\" content=\"https:\/\/cortex-dental.com\/es\/politica-de-privacidad\/\" \/>\n<meta property=\"og:site_name\" content=\"Cortex Dental\" \/>\n<meta property=\"article:publisher\" content=\"https:\/\/www.facebook.com\/cortexdental.europe\" \/>\n<meta property=\"article:modified_time\" content=\"2022-06-01T12:23:24+00:00\" \/>\n<meta name=\"twitter:card\" content=\"summary_large_image\" \/>\n<meta name=\"twitter:label1\" content=\"Tiempo de lectura\" \/>\n\t<meta name=\"twitter:data1\" content=\"4 minutos\" \/>\n<script type=\"application\/ld+json\" class=\"yoast-schema-graph\">{\"@context\":\"https:\\\/\\\/schema.org\",\"@graph\":[{\"@type\":\"WebPage\",\"@id\":\"https:\\\/\\\/cortex-dental.com\\\/es\\\/politica-de-privacidad\\\/\",\"url\":\"https:\\\/\\\/cortex-dental.com\\\/es\\\/politica-de-privacidad\\\/\",\"name\":\"Pol\u00edtica de Privacidad - Cortex Dental\",\"isPartOf\":{\"@id\":\"https:\\\/\\\/cortex-dental.com\\\/#website\"},\"datePublished\":\"2022-05-31T08:26:52+00:00\",\"dateModified\":\"2022-06-01T12:23:24+00:00\",\"breadcrumb\":{\"@id\":\"https:\\\/\\\/cortex-dental.com\\\/es\\\/politica-de-privacidad\\\/#breadcrumb\"},\"inLanguage\":\"es\",\"potentialAction\":[{\"@type\":\"ReadAction\",\"target\":[\"https:\\\/\\\/cortex-dental.com\\\/es\\\/politica-de-privacidad\\\/\"]}]},{\"@type\":\"BreadcrumbList\",\"@id\":\"https:\\\/\\\/cortex-dental.com\\\/es\\\/politica-de-privacidad\\\/#breadcrumb\",\"itemListElement\":[{\"@type\":\"ListItem\",\"position\":1,\"name\":\"Home\",\"item\":\"https:\\\/\\\/cortex-dental.com\\\/es\\\/\"},{\"@type\":\"ListItem\",\"position\":2,\"name\":\"Pol\u00edtica de Privacidad\"}]},{\"@type\":\"WebSite\",\"@id\":\"https:\\\/\\\/cortex-dental.com\\\/#website\",\"url\":\"https:\\\/\\\/cortex-dental.com\\\/\",\"name\":\"Cortex Dental\",\"description\":\"\",\"publisher\":{\"@id\":\"https:\\\/\\\/cortex-dental.com\\\/#organization\"},\"potentialAction\":[{\"@type\":\"SearchAction\",\"target\":{\"@type\":\"EntryPoint\",\"urlTemplate\":\"https:\\\/\\\/cortex-dental.com\\\/?s={search_term_string}\"},\"query-input\":{\"@type\":\"PropertyValueSpecification\",\"valueRequired\":true,\"valueName\":\"search_term_string\"}}],\"inLanguage\":\"es\"},{\"@type\":\"Organization\",\"@id\":\"https:\\\/\\\/cortex-dental.com\\\/#organization\",\"name\":\"Cortex Dental\",\"url\":\"https:\\\/\\\/cortex-dental.com\\\/\",\"logo\":{\"@type\":\"ImageObject\",\"inLanguage\":\"es\",\"@id\":\"https:\\\/\\\/cortex-dental.com\\\/#\\\/schema\\\/logo\\\/image\\\/\",\"url\":\"https:\\\/\\\/cortex-dental.com\\\/wp-content\\\/uploads\\\/2022\\\/12\\\/cropped-logo-r-site.png\",\"contentUrl\":\"https:\\\/\\\/cortex-dental.com\\\/wp-content\\\/uploads\\\/2022\\\/12\\\/cropped-logo-r-site.png\",\"width\":262,\"height\":51,\"caption\":\"Cortex Dental\"},\"image\":{\"@id\":\"https:\\\/\\\/cortex-dental.com\\\/#\\\/schema\\\/logo\\\/image\\\/\"},\"sameAs\":[\"https:\\\/\\\/www.facebook.com\\\/cortexdental.europe\",\"https:\\\/\\\/www.linkedin.com\\\/company\\\/cortex-dental-implants-industries-ltd-\\\/\"]}]}<\/script>\n<!-- \/ Yoast SEO plugin. -->","yoast_head_json":{"title":"Pol\u00edtica de Privacidad - Cortex Dental","robots":{"index":"index","follow":"follow","max-snippet":"max-snippet:-1","max-image-preview":"max-image-preview:large","max-video-preview":"max-video-preview:-1"},"canonical":"https:\/\/cortex-dental.com\/es\/politica-de-privacidad\/","og_locale":"es_ES","og_type":"article","og_title":"Pol\u00edtica de Privacidad - Cortex Dental","og_description":"1. Nuestros principios de protecci\u00f3n de datos Para Cortex Dental Implants Industries Ltd. y sus proveedores de servicios, la protecci\u00f3n y seguridad de sus datos personales es de primordial importancia.","og_url":"https:\/\/cortex-dental.com\/es\/politica-de-privacidad\/","og_site_name":"Cortex Dental","article_publisher":"https:\/\/www.facebook.com\/cortexdental.europe","article_modified_time":"2022-06-01T12:23:24+00:00","twitter_card":"summary_large_image","twitter_misc":{"Tiempo de lectura":"4 minutos"},"schema":{"@context":"https:\/\/schema.org","@graph":[{"@type":"WebPage","@id":"https:\/\/cortex-dental.com\/es\/politica-de-privacidad\/","url":"https:\/\/cortex-dental.com\/es\/politica-de-privacidad\/","name":"Pol\u00edtica de Privacidad - Cortex Dental","isPartOf":{"@id":"https:\/\/cortex-dental.com\/#website"},"datePublished":"2022-05-31T08:26:52+00:00","dateModified":"2022-06-01T12:23:24+00:00","breadcrumb":{"@id":"https:\/\/cortex-dental.com\/es\/politica-de-privacidad\/#breadcrumb"},"inLanguage":"es","potentialAction":[{"@type":"ReadAction","target":["https:\/\/cortex-dental.com\/es\/politica-de-privacidad\/"]}]},{"@type":"BreadcrumbList","@id":"https:\/\/cortex-dental.com\/es\/politica-de-privacidad\/#breadcrumb","itemListElement":[{"@type":"ListItem","position":1,"name":"Home","item":"https:\/\/cortex-dental.com\/es\/"},{"@type":"ListItem","position":2,"name":"Pol\u00edtica de Privacidad"}]},{"@type":"WebSite","@id":"https:\/\/cortex-dental.com\/#website","url":"https:\/\/cortex-dental.com\/","name":"Cortex Dental","description":"","publisher":{"@id":"https:\/\/cortex-dental.com\/#organization"},"potentialAction":[{"@type":"SearchAction","target":{"@type":"EntryPoint","urlTemplate":"https:\/\/cortex-dental.com\/?s={search_term_string}"},"query-input":{"@type":"PropertyValueSpecification","valueRequired":true,"valueName":"search_term_string"}}],"inLanguage":"es"},{"@type":"Organization","@id":"https:\/\/cortex-dental.com\/#organization","name":"Cortex Dental","url":"https:\/\/cortex-dental.com\/","logo":{"@type":"ImageObject","inLanguage":"es","@id":"https:\/\/cortex-dental.com\/#\/schema\/logo\/image\/","url":"https:\/\/cortex-dental.com\/wp-content\/uploads\/2022\/12\/cropped-logo-r-site.png","contentUrl":"https:\/\/cortex-dental.com\/wp-content\/uploads\/2022\/12\/cropped-logo-r-site.png","width":262,"height":51,"caption":"Cortex Dental"},"image":{"@id":"https:\/\/cortex-dental.com\/#\/schema\/logo\/image\/"},"sameAs":["https:\/\/www.facebook.com\/cortexdental.europe","https:\/\/www.linkedin.com\/company\/cortex-dental-implants-industries-ltd-\/"]}]}},"_links":{"self":[{"href":"https:\/\/cortex-dental.com\/es\/wp-json\/wp\/v2\/pages\/11032","targetHints":{"allow":["GET"]}}],"collection":[{"href":"https:\/\/cortex-dental.com\/es\/wp-json\/wp\/v2\/pages"}],"about":[{"href":"https:\/\/cortex-dental.com\/es\/wp-json\/wp\/v2\/types\/page"}],"author":[{"embeddable":true,"href":"https:\/\/cortex-dental.com\/es\/wp-json\/wp\/v2\/users\/9"}],"replies":[{"embeddable":true,"href":"https:\/\/cortex-dental.com\/es\/wp-json\/wp\/v2\/comments?post=11032"}],"version-history":[{"count":0,"href":"https:\/\/cortex-dental.com\/es\/wp-json\/wp\/v2\/pages\/11032\/revisions"}],"wp:attachment":[{"href":"https:\/\/cortex-dental.com\/es\/wp-json\/wp\/v2\/media?parent=11032"}],"curies":[{"name":"wp","href":"https:\/\/api.w.org\/{rel}","templated":true}]}}